{"id":152,"date":"2021-01-19T22:25:36","date_gmt":"2021-01-19T22:25:36","guid":{"rendered":"https:\/\/afiladosgrancanaria.es\/?page_id=152"},"modified":"2021-03-31T16:46:52","modified_gmt":"2021-03-31T16:46:52","slug":"afilados","status":"publish","type":"page","link":"https:\/\/afiladosgrancanaria.es\/?page_id=152","title":{"rendered":"Afilados"},"content":{"rendered":"<p>[et_pb_section fb_built=\u00bb1&#8243; admin_label=\u00bbHero\u00bb _builder_version=\u00bb4.6.6&#8243; use_background_color_gradient=\u00bbon\u00bb background_color_gradient_start=\u00bb#210b00&#8243; background_color_gradient_end=\u00bbrgba(33,25,21,0)\u00bb background_color_gradient_type=\u00bbradial\u00bb background_color_gradient_direction_radial=\u00bbtop right\u00bb background_color_gradient_start_position=\u00bb10%\u00bb background_color_gradient_overlays_image=\u00bbon\u00bb background_image=\u00bbhttps:\/\/afiladosgrancanaria.es\/wp-content\/uploads\/2021\/02\/afiladora-imagen-4.png\u00bb custom_padding=\u00bb81px|0|81px||true|false\u00bb][et_pb_row _builder_version=\u00bb3.25&#8243; custom_padding=\u00bb27px|0px|27px|0px|false|false\u00bb][et_pb_column type=\u00bb4_4&#8243; _builder_version=\u00bb3.25&#8243; custom_padding=\u00bb|||\u00bb custom_padding__hover=\u00bb|||\u00bb][et_pb_text _builder_version=\u00bb4.6.6&#8243; text_font=\u00bbOpen Sans||||||||\u00bb text_font_size=\u00bb20px\u00bb text_line_height=\u00bb2em\u00bb header_font=\u00bb|800||on|||||\u00bb header_font_size=\u00bb68px\u00bb header_line_height=\u00bb1.4em\u00bb background_layout=\u00bbdark\u00bb max_width=\u00bb700px\u00bb text_font_size_tablet=\u00bb\u00bb text_font_size_phone=\u00bb16px\u00bb text_font_size_last_edited=\u00bbon|phone\u00bb header_font_size_tablet=\u00bb44px\u00bb header_font_size_phone=\u00bb24px\u00bb header_font_size_last_edited=\u00bbon|desktop\u00bb header_line_height_tablet=\u00bb1.4em\u00bb header_line_height_phone=\u00bb1.4em\u00bb header_line_height_last_edited=\u00bbon|desktop\u00bb]<\/p>\n<h1 style=\"text-align: center;\">Afilado de Herramientas<\/h1>\n<p style=\"text-align: justify;\"><strong>Todo tipo de afilado de fresas para el mecanizado Industrial, discos de sierras para carpinter\u00eda de madera, aluminio y pvc.\u00a0<\/strong><\/p>\n<p style=\"text-align: justify;\"><strong>Cuchillas para madera y para guillotinas de imprenta, etc..<\/strong><\/p>\n<p>[\/et_pb_text][\/et_pb_column][\/et_pb_row][\/et_pb_section][et_pb_section fb_built=\u00bb1&#8243; admin_label=\u00bbGallery Section\u00bb _builder_version=\u00bb3.22&#8243; background_color=\u00bb#ffffff\u00bb custom_margin=\u00bb4px|||||\u00bb][et_pb_row column_structure=\u00bb2_3,1_3&#8243; admin_label=\u00bbRow\u00bb _builder_version=\u00bb3.25&#8243;][et_pb_column type=\u00bb2_3&#8243; _builder_version=\u00bb3.25&#8243; custom_padding=\u00bb|||\u00bb custom_padding__hover=\u00bb|||\u00bb][et_pb_text _builder_version=\u00bb4.6.6&#8243; text_font=\u00bbOpen Sans||||||||\u00bb text_font_size=\u00bb16px\u00bb text_line_height=\u00bb1.8em\u00bb ul_font=\u00bb|700|||||||\u00bb ul_text_color=\u00bb#db4b35&#8243; ul_font_size=\u00bb16px\u00bb ul_line_height=\u00bb1.7em\u00bb header_font=\u00bb||||||||\u00bb header_4_font=\u00bbOpen Sans|800||on|||||\u00bb header_4_font_size=\u00bb16px\u00bb header_4_letter_spacing=\u00bb0.5px\u00bb header_4_line_height=\u00bb1.7em\u00bb background_image=\u00bbhttps:\/\/afiladosgrancanaria.es\/wp-content\/uploads\/2021\/01\/Rectangle.png\u00bb background_size=\u00bbinitial\u00bb background_position=\u00bbtop_left\u00bb custom_padding=\u00bb24px|||24px\u00bb locked=\u00bboff\u00bb]<\/p>\n<h4>Varios tipos de afilados<\/h4>\n<ul>\n<li>Fresas,\u00a0Cuchillas<\/li>\n<li>\n<p>Sierras de Cinta<span style=\"font-size: 16px;\">\u00a0<\/span><\/p>\n<\/li>\n<li><strong>Discos de Sierra<\/strong><\/li>\n<li><strong>Guillotinas<\/strong><\/li>\n<li><strong>Etc.<\/strong><\/li>\n<\/ul>\n<p>[\/et_pb_text][\/et_pb_column][et_pb_column type=\u00bb1_3&#8243; _builder_version=\u00bb3.25&#8243; custom_padding=\u00bb|||\u00bb custom_padding__hover=\u00bb|||\u00bb][\/et_pb_column][\/et_pb_row][et_pb_row column_structure=\u00bb1_2,1_4,1_4&#8243; use_custom_gutter=\u00bbon\u00bb gutter_width=\u00bb1&#8243; _builder_version=\u00bb3.25&#8243;][et_pb_column type=\u00bb1_2&#8243; _builder_version=\u00bb3.25&#8243; custom_padding=\u00bb|||\u00bb custom_padding__hover=\u00bb|||\u00bb][et_pb_image src=\u00bbhttps:\/\/afiladosgrancanaria.es\/wp-content\/uploads\/2021\/02\/imagenes-variadas-1.png\u00bb title_text=\u00bbimagenes variadas\u00bb align_tablet=\u00bbcenter\u00bb align_phone=\u00bb\u00bb align_last_edited=\u00bbon|desktop\u00bb _builder_version=\u00bb4.6.6&#8243; border_width_all=\u00bb10px\u00bb border_color_all=\u00bb#ffffff\u00bb locked=\u00bboff\u00bb][\/et_pb_image][\/et_pb_column][et_pb_column type=\u00bb1_4&#8243; _builder_version=\u00bb3.25&#8243; custom_padding=\u00bb|||\u00bb custom_padding__hover=\u00bb|||\u00bb][et_pb_image src=\u00bbhttps:\/\/afiladosgrancanaria.es\/wp-content\/uploads\/2021\/02\/imagen-variada-2-1.png\u00bb title_text=\u00bbimagen variada 2&#8243; align_tablet=\u00bbcenter\u00bb align_phone=\u00bb\u00bb align_last_edited=\u00bbon|desktop\u00bb _builder_version=\u00bb4.6.6&#8243; border_width_all=\u00bb10px\u00bb border_color_all=\u00bb#ffffff\u00bb locked=\u00bboff\u00bb][\/et_pb_image][et_pb_image src=\u00bbhttps:\/\/afiladosgrancanaria.es\/wp-content\/uploads\/2021\/02\/imagen-variada-4-1.png\u00bb title_text=\u00bbimagen variada 4&#8243; align_tablet=\u00bbcenter\u00bb align_phone=\u00bb\u00bb align_last_edited=\u00bbon|desktop\u00bb _builder_version=\u00bb4.6.6&#8243; border_width_all=\u00bb10px\u00bb border_color_all=\u00bb#ffffff\u00bb locked=\u00bboff\u00bb][\/et_pb_image][\/et_pb_column][et_pb_column type=\u00bb1_4&#8243; _builder_version=\u00bb3.25&#8243; custom_padding=\u00bb|||\u00bb custom_padding__hover=\u00bb|||\u00bb][et_pb_image src=\u00bbhttps:\/\/afiladosgrancanaria.es\/wp-content\/uploads\/2021\/02\/imagenes-variadas-1-scaled.jpg\u00bb title_text=\u00bbimagenes variadas\u00bb align_tablet=\u00bbcenter\u00bb align_phone=\u00bb\u00bb align_last_edited=\u00bbon|desktop\u00bb _builder_version=\u00bb4.6.6&#8243; border_width_all=\u00bb10px\u00bb border_color_all=\u00bb#ffffff\u00bb locked=\u00bboff\u00bb][\/et_pb_image][et_pb_image src=\u00bbhttps:\/\/afiladosgrancanaria.es\/wp-content\/uploads\/2021\/01\/afilado8.jpg\u00bb title_text=\u00bbafilado8&#8243; align_tablet=\u00bbcenter\u00bb align_phone=\u00bb\u00bb align_last_edited=\u00bbon|desktop\u00bb _builder_version=\u00bb4.6.6&#8243; border_width_all=\u00bb10px\u00bb border_color_all=\u00bb#ffffff\u00bb locked=\u00bboff\u00bb][\/et_pb_image][\/et_pb_column][\/et_pb_row][\/et_pb_section][et_pb_section fb_built=\u00bb1&#8243; admin_label=\u00bbGallery Section\u00bb _builder_version=\u00bb3.22&#8243; background_color=\u00bb#ffffff\u00bb][et_pb_row column_structure=\u00bb2_3,1_3&#8243; _builder_version=\u00bb3.25&#8243;][et_pb_column type=\u00bb2_3&#8243; _builder_version=\u00bb3.25&#8243; custom_padding=\u00bb|||\u00bb custom_padding__hover=\u00bb|||\u00bb][et_pb_text _builder_version=\u00bb4.6.6&#8243; text_font=\u00bbOpen Sans||||||||\u00bb text_font_size=\u00bb16px\u00bb text_line_height=\u00bb1.8em\u00bb ul_font=\u00bb|700|||||||\u00bb ul_text_color=\u00bb#db4b35&#8243; ul_font_size=\u00bb16px\u00bb ul_line_height=\u00bb1.7em\u00bb header_font=\u00bb||||||||\u00bb header_4_font=\u00bbOpen Sans|800||on|||||\u00bb header_4_font_size=\u00bb16px\u00bb header_4_letter_spacing=\u00bb0.5px\u00bb header_4_line_height=\u00bb1.7em\u00bb background_image=\u00bbhttps:\/\/afiladosgrancanaria.es\/wp-content\/uploads\/2021\/01\/Rectangle.png\u00bb background_size=\u00bbinitial\u00bb background_position=\u00bbtop_left\u00bb custom_padding=\u00bb24px|||24px\u00bb locked=\u00bboff\u00bb]<\/p>\n<h4>Servicio a Domicilio<\/h4>\n<p><strong>Hacemos servicio de recogida y entrega a domicilio para empresas.<\/strong><\/p>\n<ul><\/ul>\n<p>[\/et_pb_text][\/et_pb_column][et_pb_column type=\u00bb1_3&#8243; _builder_version=\u00bb3.25&#8243; custom_padding=\u00bb|||\u00bb custom_padding__hover=\u00bb|||\u00bb][et_pb_text _builder_version=\u00bb4.6.6&#8243; text_font=\u00bbOpen Sans||||||||\u00bb text_font_size=\u00bb16px\u00bb text_line_height=\u00bb1.8em\u00bb ul_font=\u00bb|700|||||||\u00bb ul_text_color=\u00bb#db4b35&#8243; ul_font_size=\u00bb16px\u00bb ul_line_height=\u00bb1.7em\u00bb header_font=\u00bb||||||||\u00bb header_4_font=\u00bbOpen Sans|800||on|||||\u00bb header_4_font_size=\u00bb16px\u00bb header_4_letter_spacing=\u00bb0.5px\u00bb header_4_line_height=\u00bb1.7em\u00bb locked=\u00bboff\u00bb]<\/p>\n<ul>\n<li><strong>Carpinter\u00eda:<\/strong>\u00a0<span>Madera, Aluminio &#8230;<\/span><\/li>\n<li><strong>PVC, Metracroilado.<\/strong><span>..<\/span><\/li>\n<li><strong>Artes Gr\u00e1ficas: <\/strong>Guillotinas&#8230;<\/li>\n<\/ul>\n<p>[\/et_pb_text][\/et_pb_column][\/et_pb_row][et_pb_row column_structure=\u00bb1_3,1_3,1_3&#8243; use_custom_gutter=\u00bbon\u00bb gutter_width=\u00bb1&#8243; _builder_version=\u00bb4.6.6&#8243;][et_pb_column type=\u00bb1_3&#8243; _builder_version=\u00bb4.6.6&#8243; custom_padding=\u00bb|||\u00bb custom_padding__hover=\u00bb|||\u00bb][et_pb_image src=\u00bbhttps:\/\/afiladosgrancanaria.es\/wp-content\/uploads\/2021\/02\/IMAGENES-VARIADAS-3-1.png\u00bb title_text=\u00bbIMAGENES VARIADAS 3&#8243; align_tablet=\u00bbcenter\u00bb align_phone=\u00bb\u00bb align_last_edited=\u00bbon|desktop\u00bb _builder_version=\u00bb4.6.6&#8243; border_width_all=\u00bb10px\u00bb border_color_all=\u00bbrgba(0,0,0,0)\u00bb locked=\u00bboff\u00bb][\/et_pb_image][\/et_pb_column][et_pb_column type=\u00bb1_3&#8243; _builder_version=\u00bb3.25&#8243; custom_padding=\u00bb|||\u00bb custom_padding__hover=\u00bb|||\u00bb][et_pb_image src=\u00bbhttps:\/\/afiladosgrancanaria.es\/wp-content\/uploads\/2021\/02\/imagenes-variadas-5-1.png\u00bb title_text=\u00bbimagenes variadas 5&#8243; align_tablet=\u00bbcenter\u00bb align_phone=\u00bb\u00bb align_last_edited=\u00bbon|desktop\u00bb admin_label=\u00bbImage\u00bb _builder_version=\u00bb4.6.6&#8243; height=\u00bb339px\u00bb max_height=\u00bb1000px\u00bb border_width_all=\u00bb10px\u00bb border_color_all=\u00bbrgba(0,0,0,0)\u00bb locked=\u00bboff\u00bb][\/et_pb_image][\/et_pb_column][et_pb_column type=\u00bb1_3&#8243; _builder_version=\u00bb3.25&#8243; custom_padding=\u00bb|||\u00bb custom_padding__hover=\u00bb|||\u00bb][et_pb_image src=\u00bbhttps:\/\/afiladosgrancanaria.es\/wp-content\/uploads\/2021\/02\/imagenes-variadas.png\u00bb title_text=\u00bbimagenes variadas\u00bb align_tablet=\u00bbcenter\u00bb align_phone=\u00bb\u00bb align_last_edited=\u00bbon|desktop\u00bb _builder_version=\u00bb4.6.6&#8243; border_width_all=\u00bb10px\u00bb border_color_all=\u00bbrgba(0,0,0,0)\u00bb locked=\u00bboff\u00bb][\/et_pb_image][\/et_pb_column][\/et_pb_row][\/et_pb_section][et_pb_section fb_built=\u00bb1&#8243; admin_label=\u00bbTestimonials\u00bb _builder_version=\u00bb3.22&#8243;][et_pb_row _builder_version=\u00bb3.25&#8243;][et_pb_column type=\u00bb4_4&#8243; _builder_version=\u00bb3.25&#8243; custom_padding=\u00bb|||\u00bb custom_padding__hover=\u00bb|||\u00bb][et_pb_text _builder_version=\u00bb3.27.4&#8243; text_font=\u00bbOpen Sans|800|||||||\u00bb text_text_color=\u00bb#f25b3a\u00bb text_font_size=\u00bb150px\u00bb text_line_height=\u00bb0.5em\u00bb text_orientation=\u00bbcenter\u00bb custom_margin=\u00bb0.1em||0px|\u00bb]\u00bb<br \/>\n[\/et_pb_text][et_pb_slider _builder_version=\u00bb4.6.6&#8243; header_font=\u00bb|800|||||||\u00bb header_line_height=\u00bb1.4em\u00bb body_font=\u00bb||||||||\u00bb body_font_size=\u00bb24px\u00bb body_line_height=\u00bb2em\u00bb background_color=\u00bb#ffffff\u00bb custom_button=\u00bbon\u00bb button_text_size=\u00bb16px\u00bb button_text_color=\u00bb#f25b3a\u00bb button_border_width=\u00bb0px\u00bb button_border_radius=\u00bb0px\u00bb button_letter_spacing=\u00bb1px\u00bb button_font=\u00bbRoboto|700||on|||||\u00bb button_use_icon=\u00bboff\u00bb custom_margin=\u00bb||0px|\u00bb custom_padding=\u00bb0px|0px|80px|0px|false\u00bb auto=\u00bbon\u00bb body_font_size_tablet=\u00bb20px\u00bb body_font_size_phone=\u00bb14px\u00bb body_font_size_last_edited=\u00bbon|phone\u00bb button_border_radius_hover=\u00bb0px\u00bb button_letter_spacing_hover=\u00bb1px\u00bb button_text_size__hover_enabled=\u00bboff\u00bb button_one_text_size__hover_enabled=\u00bboff\u00bb button_two_text_size__hover_enabled=\u00bboff\u00bb button_text_color__hover_enabled=\u00bboff\u00bb button_one_text_color__hover_enabled=\u00bboff\u00bb button_two_text_color__hover_enabled=\u00bboff\u00bb button_border_width__hover_enabled=\u00bboff\u00bb button_one_border_width__hover_enabled=\u00bboff\u00bb button_two_border_width__hover_enabled=\u00bboff\u00bb button_border_color__hover_enabled=\u00bboff\u00bb button_one_border_color__hover_enabled=\u00bboff\u00bb button_two_border_color__hover_enabled=\u00bboff\u00bb button_border_radius__hover_enabled=\u00bbon\u00bb button_border_radius__hover=\u00bb0px\u00bb button_one_border_radius__hover_enabled=\u00bboff\u00bb button_two_border_radius__hover_enabled=\u00bboff\u00bb button_letter_spacing__hover_enabled=\u00bbon\u00bb button_letter_spacing__hover=\u00bb1px\u00bb button_one_letter_spacing__hover_enabled=\u00bboff\u00bb button_two_letter_spacing__hover_enabled=\u00bboff\u00bb button_bg_color__hover_enabled=\u00bboff\u00bb button_one_bg_color__hover_enabled=\u00bboff\u00bb button_two_bg_color__hover_enabled=\u00bboff\u00bb][et_pb_slide button_text=\u00bbafilados\u00bb _builder_version=\u00bb4.6.6&#8243; body_font=\u00bb||||||||\u00bb background_layout=\u00bblight\u00bb button_text_size__hover_enabled=\u00bboff\u00bb button_one_text_size__hover_enabled=\u00bboff\u00bb button_two_text_size__hover_enabled=\u00bboff\u00bb button_text_color__hover_enabled=\u00bboff\u00bb button_one_text_color__hover_enabled=\u00bboff\u00bb button_two_text_color__hover_enabled=\u00bboff\u00bb button_border_width__hover_enabled=\u00bboff\u00bb button_one_border_width__hover_enabled=\u00bboff\u00bb button_two_border_width__hover_enabled=\u00bboff\u00bb button_border_color__hover_enabled=\u00bboff\u00bb button_one_border_color__hover_enabled=\u00bboff\u00bb button_two_border_color__hover_enabled=\u00bboff\u00bb button_border_radius__hover_enabled=\u00bboff\u00bb button_one_border_radius__hover_enabled=\u00bboff\u00bb button_two_border_radius__hover_enabled=\u00bboff\u00bb button_letter_spacing__hover_enabled=\u00bboff\u00bb button_one_letter_spacing__hover_enabled=\u00bboff\u00bb button_two_letter_spacing__hover_enabled=\u00bboff\u00bb button_bg_color__hover_enabled=\u00bboff\u00bb button_one_bg_color__hover_enabled=\u00bboff\u00bb button_two_bg_color__hover_enabled=\u00bboff\u00bb sticky_transition=\u00bbon\u00bb]<\/p>\n<p style=\"text-align: justify;\">Sierras circulares con distinta medidas y formas,\u00a0soldadura, afilado y trabado de Sierras sinf\u00edn en acero sueco, acero carbono, acero bimetal.<\/p>\n<p>&nbsp;<\/p>\n<p style=\"text-align: justify;\">Fresas y cabezales de cuchillas recambiables en Metal duro y HSS.<\/p>\n<p style=\"text-align: justify;\">Cuchillas de cepillo y placas recambiables en Metal Duro y HSS.\u00a0<\/p>\n<p>[\/et_pb_slide][et_pb_slide button_text=\u00bbCalidad del afilado\u00bb _builder_version=\u00bb4.6.6&#8243; body_font=\u00bb||||||||\u00bb background_layout=\u00bblight\u00bb button_text_size__hover_enabled=\u00bboff\u00bb button_one_text_size__hover_enabled=\u00bboff\u00bb button_two_text_size__hover_enabled=\u00bboff\u00bb button_text_color__hover_enabled=\u00bboff\u00bb button_one_text_color__hover_enabled=\u00bboff\u00bb button_two_text_color__hover_enabled=\u00bboff\u00bb button_border_width__hover_enabled=\u00bboff\u00bb button_one_border_width__hover_enabled=\u00bboff\u00bb button_two_border_width__hover_enabled=\u00bboff\u00bb button_border_color__hover_enabled=\u00bboff\u00bb button_one_border_color__hover_enabled=\u00bboff\u00bb button_two_border_color__hover_enabled=\u00bboff\u00bb button_border_radius__hover_enabled=\u00bboff\u00bb button_one_border_radius__hover_enabled=\u00bboff\u00bb button_two_border_radius__hover_enabled=\u00bboff\u00bb button_letter_spacing__hover_enabled=\u00bboff\u00bb button_one_letter_spacing__hover_enabled=\u00bboff\u00bb button_two_letter_spacing__hover_enabled=\u00bboff\u00bb button_bg_color__hover_enabled=\u00bboff\u00bb button_one_bg_color__hover_enabled=\u00bboff\u00bb button_two_bg_color__hover_enabled=\u00bboff\u00bb sticky_transition=\u00bbon\u00bb]<\/p>\n<p style=\"text-align: justify;\">El rendimiento de la m\u00e1quina, depende en gran medida del buen estado de las herramientas, unas herramientas desgastadas o mal afiladas, reducen sensiblemente la producci\u00f3n e incrementan sensiblemente el consumo de energ\u00eda. Mantener las herramientas en buen estado le ayudar\u00e1 a reducir costes tanto energ\u00e9ticos como de mantenimiento. Como Especialistas que somos, el afilado de sus herramientas se realiza con todas las garant\u00edas para que las herramientas queden como nuevas, utilizando una adecuada refrigeraci\u00f3n, obteniendo una uniformidad dimensional de todas las herramientas y un afilado exacto ni m\u00e1s ni menos de lo necesario<\/p>\n<p>[\/et_pb_slide][\/et_pb_slider][\/et_pb_column][\/et_pb_row][\/et_pb_section]<\/p>\n","protected":false},"excerpt":{"rendered":"<p>[et_pb_section fb_built=\u00bb1&#8243; admin_label=\u00bbHero\u00bb _builder_version=\u00bb4.6.6&#8243; use_background_color_gradient=\u00bbon\u00bb background_color_gradient_start=\u00bb#210b00&#8243; background_color_gradient_end=\u00bbrgba(33,25,21,0)\u00bb background_color_gradient_type=\u00bbradial\u00bb background_color_gradient_direction_radial=\u00bbtop right\u00bb background_color_gradient_start_position=\u00bb10%\u00bb background_color_gradient_overlays_image=\u00bbon\u00bb background_image=\u00bbhttps:\/\/afiladosgrancanaria.es\/wp-content\/uploads\/2021\/02\/afiladora-imagen-4.png\u00bb custom_padding=\u00bb81px|0|81px||true|false\u00bb][et_pb_row _builder_version=\u00bb3.25&#8243; custom_padding=\u00bb27px|0px|27px|0px|false|false\u00bb][et_pb_column type=\u00bb4_4&#8243; _builder_version=\u00bb3.25&#8243; custom_padding=\u00bb|||\u00bb custom_padding__hover=\u00bb|||\u00bb][et_pb_text _builder_version=\u00bb4.6.6&#8243; text_font=\u00bbOpen Sans||||||||\u00bb text_font_size=\u00bb20px\u00bb text_line_height=\u00bb2em\u00bb header_font=\u00bb|800||on|||||\u00bb header_font_size=\u00bb68px\u00bb header_line_height=\u00bb1.4em\u00bb background_layout=\u00bbdark\u00bb max_width=\u00bb700px\u00bb text_font_size_tablet=\u00bb\u00bb text_font_size_phone=\u00bb16px\u00bb text_font_size_last_edited=\u00bbon|phone\u00bb header_font_size_tablet=\u00bb44px\u00bb header_font_size_phone=\u00bb24px\u00bb header_font_size_last_edited=\u00bbon|desktop\u00bb header_line_height_tablet=\u00bb1.4em\u00bb header_line_height_phone=\u00bb1.4em\u00bb header_line_height_last_edited=\u00bbon|desktop\u00bb] Afilado de Herramientas Todo tipo de afilado de fresas para el mecanizado Industrial, discos de sierras [&hellip;]<\/p>\n","protected":false},"author":2,"featured_media":0,"parent":0,"menu_order":0,"comment_status":"closed","ping_status":"closed","template":"","meta":{"_et_pb_use_builder":"on","_et_pb_old_content":"","_et_gb_content_width":"","footnotes":""},"class_list":["post-152","page","type-page","status-publish","hentry"],"_links":{"self":[{"href":"https:\/\/afiladosgrancanaria.es\/index.php?rest_route=\/wp\/v2\/pages\/152","targetHints":{"allow":["GET"]}}],"collection":[{"href":"https:\/\/afiladosgrancanaria.es\/index.php?rest_route=\/wp\/v2\/pages"}],"about":[{"href":"https:\/\/afiladosgrancanaria.es\/index.php?rest_route=\/wp\/v2\/types\/page"}],"author":[{"embeddable":true,"href":"https:\/\/afiladosgrancanaria.es\/index.php?rest_route=\/wp\/v2\/users\/2"}],"replies":[{"embeddable":true,"href":"https:\/\/afiladosgrancanaria.es\/index.php?rest_route=%2Fwp%2Fv2%2Fcomments&post=152"}],"version-history":[{"count":12,"href":"https:\/\/afiladosgrancanaria.es\/index.php?rest_route=\/wp\/v2\/pages\/152\/revisions"}],"predecessor-version":[{"id":385,"href":"https:\/\/afiladosgrancanaria.es\/index.php?rest_route=\/wp\/v2\/pages\/152\/revisions\/385"}],"wp:attachment":[{"href":"https:\/\/afiladosgrancanaria.es\/index.php?rest_route=%2Fwp%2Fv2%2Fmedia&parent=152"}],"curies":[{"name":"wp","href":"https:\/\/api.w.org\/{rel}","templated":true}]}}